{"id":1354,"date":"2022-06-22T08:36:02","date_gmt":"2022-06-22T14:36:02","guid":{"rendered":"https:\/\/demo.creativethemes.com\/elementor\/persona\/?page_id=1354"},"modified":"2023-05-29T19:14:58","modified_gmt":"2023-05-30T01:14:58","slug":"servicios","status":"publish","type":"page","link":"https:\/\/www.soloroan.com.mx\/?page_id=1354","title":{"rendered":"SERVICIOS"},"content":{"rendered":"\t\t<div data-elementor-type=\"wp-page\" data-elementor-id=\"1354\" class=\"elementor elementor-1354\" data-elementor-post-type=\"page\">\n\t\t\t\t<div class=\"elementor-element elementor-element-dc8ea58 e-con-full element-pack-agbg-yes e-flex e-con e-parent\" data-id=\"dc8ea58\" data-element_type=\"container\" data-settings=\"{&quot;element_pack_agbg_color_list&quot;:[{&quot;_id&quot;:&quot;7b277cb&quot;,&quot;start_color&quot;:&quot;#0591F9&quot;,&quot;end_color&quot;:&quot;#fefefe&quot;},{&quot;start_color&quot;:&quot;#567445&quot;,&quot;end_color&quot;:&quot;#1D1BE0&quot;,&quot;_id&quot;:&quot;ffa446b&quot;}],&quot;section_parallax_on&quot;:&quot;yes&quot;,&quot;ep_parallax_bg_colors&quot;:&quot;yes&quot;,&quot;element_pack_agbg_show&quot;:&quot;yes&quot;,&quot;element_pack_agbg_direction&quot;:&quot;diagonal&quot;,&quot;element_pack_agbg_transitionSpeed&quot;:{&quot;unit&quot;:&quot;px&quot;,&quot;size&quot;:&quot;&quot;,&quot;sizes&quot;:[]}}\">\n\t\t<div class=\"elementor-element elementor-element-35bff14a e-con-full e-flex e-con e-child\" data-id=\"35bff14a\" data-element_type=\"container\" data-settings=\"{&quot;background_background&quot;:&quot;classic&quot;,&quot;section_parallax_on&quot;:&quot;yes&quot;,&quot;ep_parallax_bg_colors&quot;:&quot;yes&quot;,&quot;background_motion_fx_motion_fx_scrolling&quot;:&quot;yes&quot;,&quot;background_motion_fx_motion_fx_mouse&quot;:&quot;yes&quot;,&quot;section_parallax_x_value&quot;:{&quot;unit&quot;:&quot;px&quot;,&quot;size&quot;:&quot;&quot;,&quot;sizes&quot;:[]},&quot;section_parallax_value&quot;:{&quot;unit&quot;:&quot;px&quot;,&quot;size&quot;:-200,&quot;sizes&quot;:[]},&quot;background_motion_fx_devices&quot;:[&quot;desktop&quot;,&quot;tablet&quot;,&quot;mobile&quot;]}\">\n\t\t\t\t<div class=\"elementor-element elementor-element-370c2892 elementor-position-left elementor-widget__width-initial elementor-view-default elementor-mobile-position-top elementor-vertical-align-top elementor-widget elementor-widget-icon-box\" data-id=\"370c2892\" data-element_type=\"widget\" data-settings=\"{&quot;ep_notation_list&quot;:[{&quot;_id&quot;:&quot;da064ac&quot;,&quot;ep_notation_bracket_on&quot;:null,&quot;ep_notation_select_type&quot;:&quot;widget&quot;,&quot;ep_notation_custom_selector&quot;:null,&quot;ep_notation_type&quot;:&quot;underline&quot;,&quot;ep_notation_color&quot;:&quot;&quot;,&quot;ep_notation_anim_duration&quot;:{&quot;unit&quot;:&quot;px&quot;,&quot;size&quot;:800,&quot;sizes&quot;:[]},&quot;ep_notation_stroke_width&quot;:{&quot;unit&quot;:&quot;px&quot;,&quot;size&quot;:1,&quot;sizes&quot;:[]},&quot;ep_notation_waypoint_offset&quot;:&quot;&quot;}],&quot;ep_notation_active&quot;:&quot;yes&quot;}\" data-widget_type=\"icon-box.default\">\n\t\t\t\t<div class=\"elementor-widget-container\">\n\t\t\t\t\t<div class=\"elementor-icon-box-wrapper\">\n\n\t\t\t\t\t\t<div class=\"elementor-icon-box-icon\">\n\t\t\t\t<span  class=\"elementor-icon elementor-animation-\">\n\t\t\t\t<i aria-hidden=\"true\" class=\"far fa-check-circle\"><\/i>\t\t\t\t<\/span>\n\t\t\t<\/div>\n\t\t\t\n\t\t\t\t\t\t<div class=\"elementor-icon-box-content\">\n\n\t\t\t\t\t\t\t\t\t<h2 class=\"elementor-icon-box-title\">\n\t\t\t\t\t\t<span  >\n\t\t\t\t\t\t\tServicios\t\t\t\t\t\t<\/span>\n\t\t\t\t\t<\/h2>\n\t\t\t\t\n\t\t\t\t\t\t\t\t\t<p class=\"elementor-icon-box-description\">\n\t\t\t\t\t\tSomos una empresa enfocada a brindar servicios de logistica en transporte y servicios de comercio exterior tanto de importacion como de exportacion, nuestro compromiso es brindarle un servicio de excelencia siempre y en tiempo.\t\t\t\t\t<\/p>\n\t\t\t\t\n\t\t\t<\/div>\n\t\t\t\n\t\t<\/div>\n\t\t\t\t<\/div>\n\t\t\t\t<\/div>\n\t\t\t\t<div class=\"elementor-element elementor-element-92ff124 elementor-widget-divider--separator-type-pattern elementor-widget-divider--bg-round elementor-widget-divider--view-line elementor-widget elementor-widget-divider\" data-id=\"92ff124\" data-element_type=\"widget\" data-widget_type=\"divider.default\">\n\t\t\t\t<div class=\"elementor-widget-container\">\n\t\t\t\t\t<div class=\"elementor-divider\" style=\"--divider-pattern-url: url(&quot;data:image\/svg+xml,%3Csvg xmlns=&#039;http:\/\/www.w3.org\/2000\/svg&#039; preserveAspectRatio=&#039;none&#039; overflow=&#039;visible&#039; height=&#039;100%&#039; viewBox=&#039;0 0 60 30&#039; fill=&#039;black&#039; stroke=&#039;none&#039;%3E%3Crect x=&#039;15&#039; y=&#039;0&#039; width=&#039;30&#039; height=&#039;30&#039;\/%3E%3C\/svg%3E&quot;);\">\n\t\t\t<span class=\"elementor-divider-separator\">\n\t\t\t\t\t\t<\/span>\n\t\t<\/div>\n\t\t\t\t<\/div>\n\t\t\t\t<\/div>\n\t\t\t\t<div class=\"elementor-element elementor-element-3f2bedd elementor-widget elementor-widget-accordion\" data-id=\"3f2bedd\" data-element_type=\"widget\" data-widget_type=\"accordion.default\">\n\t\t\t\t<div class=\"elementor-widget-container\">\n\t\t\t\t\t<div class=\"elementor-accordion\">\n\t\t\t\t\t\t\t<div class=\"elementor-accordion-item\">\n\t\t\t\t\t<div id=\"elementor-tab-title-6621\" class=\"elementor-tab-title\" data-tab=\"1\" role=\"button\" aria-controls=\"elementor-tab-content-6621\" aria-expanded=\"false\">\n\t\t\t\t\t\t\t\t\t\t\t\t\t<span class=\"elementor-accordion-icon elementor-accordion-icon-left\" aria-hidden=\"true\">\n\t\t\t\t\t\t\t\t\t\t\t\t\t\t\t<span class=\"elementor-accordion-icon-closed\"><i class=\"fas fa-plus\"><\/i><\/span>\n\t\t\t\t\t\t\t\t<span class=\"elementor-accordion-icon-opened\"><i class=\"fas fa-minus\"><\/i><\/span>\n\t\t\t\t\t\t\t\t\t\t\t\t\t\t<\/span>\n\t\t\t\t\t\t\t\t\t\t\t\t<a class=\"elementor-accordion-title\" tabindex=\"0\">Despacho Aduanal<\/a>\n\t\t\t\t\t<\/div>\n\t\t\t\t\t<div id=\"elementor-tab-content-6621\" class=\"elementor-tab-content elementor-clearfix\" data-tab=\"1\" role=\"region\" aria-labelledby=\"elementor-tab-title-6621\"><div><span class=\"ws14\"><b><img decoding=\"async\" class=\"wp-image-1607 alignright\" src=\"https:\/\/www.soloroan.com.mx\/wp-content\/uploads\/2023\/05\/puerta_puerta-300x169.jpg\" alt=\"\" width=\"184\" height=\"103\" srcset=\"https:\/\/www.soloroan.com.mx\/wp-content\/uploads\/2023\/05\/puerta_puerta-300x169.jpg 300w, https:\/\/www.soloroan.com.mx\/wp-content\/uploads\/2023\/05\/puerta_puerta-1024x576.jpg 1024w, https:\/\/www.soloroan.com.mx\/wp-content\/uploads\/2023\/05\/puerta_puerta-768x432.jpg 768w, https:\/\/www.soloroan.com.mx\/wp-content\/uploads\/2023\/05\/puerta_puerta-1536x864.jpg 1536w, https:\/\/www.soloroan.com.mx\/wp-content\/uploads\/2023\/05\/puerta_puerta-2048x1152.jpg 2048w\" sizes=\"(max-width: 184px) 100vw, 184px\" \/><\/b><\/span><\/div><div><span class=\"ws14\"><b>Gestion Aduanera y de asuntos legales\u00a0 \u00a0<a href=\"https:\/\/www.soloroan.com.mx\/?post_type=popup&amp;p=1762\" target=\"_blank\" rel=\"noopener\"><span style=\"color: #0000ff;\">Servicios Aduanales<\/span><\/a><\/b><\/span><\/div><div>\u00a0<\/div><div><span class=\"ws11\"><b>Contamos con tramites en casi todas las aduanas gubernamentales.<\/b><\/span><\/div><div><span class=\"ws11\"><b>Asesoramos sobre reg\u00edmenes aduanero, impositivo, disposiciones y reglamentaciones que rigen las actividades de importaci\u00f3n o exportaci\u00f3n, correspondiente a cada posici\u00f3n arancelaria.<\/b><\/span><\/div><\/div>\n\t\t\t\t<\/div>\n\t\t\t\t\t\t\t<div class=\"elementor-accordion-item\">\n\t\t\t\t\t<div id=\"elementor-tab-title-6622\" class=\"elementor-tab-title\" data-tab=\"2\" role=\"button\" aria-controls=\"elementor-tab-content-6622\" aria-expanded=\"false\">\n\t\t\t\t\t\t\t\t\t\t\t\t\t<span class=\"elementor-accordion-icon elementor-accordion-icon-left\" aria-hidden=\"true\">\n\t\t\t\t\t\t\t\t\t\t\t\t\t\t\t<span class=\"elementor-accordion-icon-closed\"><i class=\"fas fa-plus\"><\/i><\/span>\n\t\t\t\t\t\t\t\t<span class=\"elementor-accordion-icon-opened\"><i class=\"fas fa-minus\"><\/i><\/span>\n\t\t\t\t\t\t\t\t\t\t\t\t\t\t<\/span>\n\t\t\t\t\t\t\t\t\t\t\t\t<a class=\"elementor-accordion-title\" tabindex=\"0\">Almacenamiento y Distribuci\u00f3n<\/a>\n\t\t\t\t\t<\/div>\n\t\t\t\t\t<div id=\"elementor-tab-content-6622\" class=\"elementor-tab-content elementor-clearfix\" data-tab=\"2\" role=\"region\" aria-labelledby=\"elementor-tab-title-6622\"><div><b><img decoding=\"async\" class=\" wp-image-1485 alignright\" src=\"https:\/\/www.soloroan.com.mx\/wp-content\/uploads\/2023\/05\/pasillo-300x176.jpg\" alt=\"\" width=\"162\" height=\"95\" srcset=\"https:\/\/www.soloroan.com.mx\/wp-content\/uploads\/2023\/05\/pasillo-300x176.jpg 300w, https:\/\/www.soloroan.com.mx\/wp-content\/uploads\/2023\/05\/pasillo.jpg 581w\" sizes=\"(max-width: 162px) 100vw, 162px\" \/>Almacen dedicado y Multiclientes, temperatura controlada, empacado y etiquetado, consolidacion y desconsolidacion, surtido y verificacion de pedidos, almacenamiento temporal, distribucion nacional, sistema contra incendio, planta generadora de electricidad y circuito cerrado de vigilancia de 24hrs<\/b><\/div><\/div>\n\t\t\t\t<\/div>\n\t\t\t\t\t\t\t<div class=\"elementor-accordion-item\">\n\t\t\t\t\t<div id=\"elementor-tab-title-6623\" class=\"elementor-tab-title\" data-tab=\"3\" role=\"button\" aria-controls=\"elementor-tab-content-6623\" aria-expanded=\"false\">\n\t\t\t\t\t\t\t\t\t\t\t\t\t<span class=\"elementor-accordion-icon elementor-accordion-icon-left\" aria-hidden=\"true\">\n\t\t\t\t\t\t\t\t\t\t\t\t\t\t\t<span class=\"elementor-accordion-icon-closed\"><i class=\"fas fa-plus\"><\/i><\/span>\n\t\t\t\t\t\t\t\t<span class=\"elementor-accordion-icon-opened\"><i class=\"fas fa-minus\"><\/i><\/span>\n\t\t\t\t\t\t\t\t\t\t\t\t\t\t<\/span>\n\t\t\t\t\t\t\t\t\t\t\t\t<a class=\"elementor-accordion-title\" tabindex=\"0\">Transporte Nacional<\/a>\n\t\t\t\t\t<\/div>\n\t\t\t\t\t<div id=\"elementor-tab-content-6623\" class=\"elementor-tab-content elementor-clearfix\" data-tab=\"3\" role=\"region\" aria-labelledby=\"elementor-tab-title-6623\"><div><img fetchpriority=\"high\" decoding=\"async\" class=\"size-medium wp-image-1466 alignright\" src=\"https:\/\/www.soloroan.com.mx\/wp-content\/uploads\/2023\/05\/camion-rojo-300x183.jpg\" alt=\"\" width=\"300\" height=\"183\" srcset=\"https:\/\/www.soloroan.com.mx\/wp-content\/uploads\/2023\/05\/camion-rojo-300x183.jpg 300w, https:\/\/www.soloroan.com.mx\/wp-content\/uploads\/2023\/05\/camion-rojo.jpg 691w\" sizes=\"(max-width: 300px) 100vw, 300px\" \/><\/div><div><span class=\"ws14\"><b>Contamos con la infraestructura de fletes locales y nacionales para cualquier tipo de mercancia<\/b><\/span><\/div><ul><li><b>CARGA CONSOLIDADA<\/b><\/li><li><b>CARGA COMPLETA<\/b><\/li><li><b>SOBREDIMENSIONADA\u00a0<\/b><\/li><li><b>CH\u00c1RTER DE BUQUES\u00a0<\/b><\/li><li><b>CARGA PELIGROSA<\/b><\/li><\/ul><\/div>\n\t\t\t\t<\/div>\n\t\t\t\t\t\t\t<div class=\"elementor-accordion-item\">\n\t\t\t\t\t<div id=\"elementor-tab-title-6624\" class=\"elementor-tab-title\" data-tab=\"4\" role=\"button\" aria-controls=\"elementor-tab-content-6624\" aria-expanded=\"false\">\n\t\t\t\t\t\t\t\t\t\t\t\t\t<span class=\"elementor-accordion-icon elementor-accordion-icon-left\" aria-hidden=\"true\">\n\t\t\t\t\t\t\t\t\t\t\t\t\t\t\t<span class=\"elementor-accordion-icon-closed\"><i class=\"fas fa-plus\"><\/i><\/span>\n\t\t\t\t\t\t\t\t<span class=\"elementor-accordion-icon-opened\"><i class=\"fas fa-minus\"><\/i><\/span>\n\t\t\t\t\t\t\t\t\t\t\t\t\t\t<\/span>\n\t\t\t\t\t\t\t\t\t\t\t\t<a class=\"elementor-accordion-title\" tabindex=\"0\">Transporte Internacional<\/a>\n\t\t\t\t\t<\/div>\n\t\t\t\t\t<div id=\"elementor-tab-content-6624\" class=\"elementor-tab-content elementor-clearfix\" data-tab=\"4\" role=\"region\" aria-labelledby=\"elementor-tab-title-6624\"><div><span class=\"ws14\" style=\"color: #000000; font-family: Tahoma;\"><b><img loading=\"lazy\" decoding=\"async\" class=\"size-medium wp-image-1479 alignright\" src=\"https:\/\/www.soloroan.com.mx\/wp-content\/uploads\/2023\/05\/imagen4-300x205.jpg\" alt=\"\" width=\"300\" height=\"205\" srcset=\"https:\/\/www.soloroan.com.mx\/wp-content\/uploads\/2023\/05\/imagen4-300x205.jpg 300w, https:\/\/www.soloroan.com.mx\/wp-content\/uploads\/2023\/05\/imagen4.jpg 366w\" sizes=\"(max-width: 300px) 100vw, 300px\" \/>Transporte Maritimo, Terrestre, Aereo, Ferrocarril<\/b><\/span><\/div><div><span style=\"color: #000000; font-family: Tahoma;\"><b>\u00a0<\/b><\/span><\/div><div><span style=\"color: #000000; font-family: Tahoma;\"><b>Nuestro sistema de logistica nos premite brindar el servicio desde cualquier parte del mundo<\/b><\/span><\/div><\/div>\n\t\t\t\t<\/div>\n\t\t\t\t\t\t\t<div class=\"elementor-accordion-item\">\n\t\t\t\t\t<div id=\"elementor-tab-title-6625\" class=\"elementor-tab-title\" data-tab=\"5\" role=\"button\" aria-controls=\"elementor-tab-content-6625\" aria-expanded=\"false\">\n\t\t\t\t\t\t\t\t\t\t\t\t\t<span class=\"elementor-accordion-icon elementor-accordion-icon-left\" aria-hidden=\"true\">\n\t\t\t\t\t\t\t\t\t\t\t\t\t\t\t<span class=\"elementor-accordion-icon-closed\"><i class=\"fas fa-plus\"><\/i><\/span>\n\t\t\t\t\t\t\t\t<span class=\"elementor-accordion-icon-opened\"><i class=\"fas fa-minus\"><\/i><\/span>\n\t\t\t\t\t\t\t\t\t\t\t\t\t\t<\/span>\n\t\t\t\t\t\t\t\t\t\t\t\t<a class=\"elementor-accordion-title\" tabindex=\"0\">Servicio a la Medida<\/a>\n\t\t\t\t\t<\/div>\n\t\t\t\t\t<div id=\"elementor-tab-content-6625\" class=\"elementor-tab-content elementor-clearfix\" data-tab=\"5\" role=\"region\" aria-labelledby=\"elementor-tab-title-6625\"><div><span class=\"ws12\" style=\"color: #000000; font-family: Tahoma;\"><b><img loading=\"lazy\" decoding=\"async\" class=\"size-medium wp-image-1723 alignright\" src=\"https:\/\/www.soloroan.com.mx\/wp-content\/uploads\/2023\/05\/servicios-tecnologicos-300x203.jpg\" alt=\"\" width=\"300\" height=\"203\" srcset=\"https:\/\/www.soloroan.com.mx\/wp-content\/uploads\/2023\/05\/servicios-tecnologicos-300x203.jpg 300w, https:\/\/www.soloroan.com.mx\/wp-content\/uploads\/2023\/05\/servicios-tecnologicos.jpg 618w\" sizes=\"(max-width: 300px) 100vw, 300px\" \/>Servicio a la Medida<\/b><\/span><\/div><div><span class=\"ws9\" style=\"color: #000000; font-family: Tahoma;\"><b>Nuestro compromiso es lograr la optimizaci\u00f3n del servicio.<\/b><\/span><\/div><div><span class=\"ws9\" style=\"color: #000000; font-family: Tahoma;\"><b>\u00a0<\/b><\/span><\/div><div><span class=\"ws9\" style=\"color: #000000; font-family: Tahoma;\"><b>Para asegurar el nivel de calidad y productividad, Soloroan, est\u00e1 estructurada de tal manera que asegura la personalizando en el servicio a las necesidades del cliente dando como resultado una toma de decisiones \u00e1gil, que posibilita la rapidez de las acciones necesarias en todo momento<\/b><\/span><\/div><div><span class=\"ws9\" style=\"color: #000000; font-family: Tahoma;\"><b>\u00a0<\/b><\/span><\/div><div><span class=\"ws9\" style=\"color: #000000; font-family: Tahoma;\"><b>Disponemos del equipamiento para la obtenci\u00f3n de los mejores resultados, por este motivo, innovamos y renovamos constantemente.<\/b><\/span><\/div><\/div>\n\t\t\t\t<\/div>\n\t\t\t\t\t\t\t<div class=\"elementor-accordion-item\">\n\t\t\t\t\t<div id=\"elementor-tab-title-6626\" class=\"elementor-tab-title\" data-tab=\"6\" role=\"button\" aria-controls=\"elementor-tab-content-6626\" aria-expanded=\"false\">\n\t\t\t\t\t\t\t\t\t\t\t\t\t<span class=\"elementor-accordion-icon elementor-accordion-icon-left\" aria-hidden=\"true\">\n\t\t\t\t\t\t\t\t\t\t\t\t\t\t\t<span class=\"elementor-accordion-icon-closed\"><i class=\"fas fa-plus\"><\/i><\/span>\n\t\t\t\t\t\t\t\t<span class=\"elementor-accordion-icon-opened\"><i class=\"fas fa-minus\"><\/i><\/span>\n\t\t\t\t\t\t\t\t\t\t\t\t\t\t<\/span>\n\t\t\t\t\t\t\t\t\t\t\t\t<a class=\"elementor-accordion-title\" tabindex=\"0\">Cobertura<\/a>\n\t\t\t\t\t<\/div>\n\t\t\t\t\t<div id=\"elementor-tab-content-6626\" class=\"elementor-tab-content elementor-clearfix\" data-tab=\"6\" role=\"region\" aria-labelledby=\"elementor-tab-title-6626\"><p><strong><img loading=\"lazy\" decoding=\"async\" class=\"wp-image-1468 alignright\" src=\"https:\/\/www.soloroan.com.mx\/wp-content\/uploads\/2023\/05\/cargo2-217x300.jpg\" alt=\"\" width=\"91\" height=\"126\" srcset=\"https:\/\/www.soloroan.com.mx\/wp-content\/uploads\/2023\/05\/cargo2-217x300.jpg 217w, https:\/\/www.soloroan.com.mx\/wp-content\/uploads\/2023\/05\/cargo2.jpg 334w\" sizes=\"(max-width: 91px) 100vw, 91px\" \/>Transporte Terrestre<\/strong><br \/>Transporte de carga a nivel nacional, fletes y mudanzas, log\u00edstica, maniobras, equipo especializado y sobredimensionado, almacenaje y resguardo de mercanc\u00eda, importaci\u00f3n y exportaci\u00f3n, exposiciones.<\/p><p><strong><img loading=\"lazy\" decoding=\"async\" class=\" wp-image-1469 alignleft\" src=\"https:\/\/www.soloroan.com.mx\/wp-content\/uploads\/2023\/05\/Cargo-Ship-Image-300x173.jpg\" alt=\"\" width=\"119\" height=\"69\" srcset=\"https:\/\/www.soloroan.com.mx\/wp-content\/uploads\/2023\/05\/Cargo-Ship-Image-300x173.jpg 300w, https:\/\/www.soloroan.com.mx\/wp-content\/uploads\/2023\/05\/Cargo-Ship-Image.jpg 600w\" sizes=\"(max-width: 119px) 100vw, 119px\" \/>Transporte Maritimo<\/strong><br \/>Nuestra amplia experiencia en el transporte mar\u00edtimo internacional de mercanc\u00edas nos permite ofrecerle servicios de calidad para sus importaciones y exportaciones y tramitar mediante nuestros agentes de aduanas la documentaci\u00f3n necesaria tanto de exportaci\u00f3n mar\u00edtima como de importaci\u00f3n<\/p><p><strong><img loading=\"lazy\" decoding=\"async\" class=\"wp-image-1482 alignright\" src=\"https:\/\/www.soloroan.com.mx\/wp-content\/uploads\/2023\/05\/jet2-300x160.jpg\" alt=\"\" width=\"147\" height=\"78\" srcset=\"https:\/\/www.soloroan.com.mx\/wp-content\/uploads\/2023\/05\/jet2-300x160.jpg 300w, https:\/\/www.soloroan.com.mx\/wp-content\/uploads\/2023\/05\/jet2.jpg 648w\" sizes=\"(max-width: 147px) 100vw, 147px\" \/>Transporte Aereo<\/strong><br \/>En la log\u00edstica mediante transporte a\u00e9reo de mercanc\u00edas un error puede conllevar consecuencias econ\u00f3micas, por ello es necesario contar con el asesoramiento adecuado.<\/p><p><strong><img loading=\"lazy\" decoding=\"async\" class=\"wp-image-1500 alignleft\" src=\"https:\/\/www.soloroan.com.mx\/wp-content\/uploads\/2023\/05\/tren3-300x234.jpg\" alt=\"\" width=\"104\" height=\"81\" srcset=\"https:\/\/www.soloroan.com.mx\/wp-content\/uploads\/2023\/05\/tren3-300x234.jpg 300w, https:\/\/www.soloroan.com.mx\/wp-content\/uploads\/2023\/05\/tren3.jpg 472w\" sizes=\"(max-width: 104px) 100vw, 104px\" \/>Transporte Ferroviario<\/strong><br \/>A trav\u00e9s de nuestra relaci\u00f3n con Ferromex, damos servicios a grandes y peque\u00f1as empresas quienes han visto como el servicio se ha incrementado a\u00f1o con a\u00f1o derivado no solamente por las bondades del mismo sino por tratarse hoy en d\u00eda del m\u00e9todo de transporte m\u00e1s confiable.<\/p><p><strong>Almacenaje<img loading=\"lazy\" decoding=\"async\" class=\"wp-image-1463 alignleft\" src=\"https:\/\/www.soloroan.com.mx\/wp-content\/uploads\/2023\/05\/anaquel-300x300.jpg\" alt=\"\" width=\"135\" height=\"135\" srcset=\"https:\/\/www.soloroan.com.mx\/wp-content\/uploads\/2023\/05\/anaquel-300x300.jpg 300w, https:\/\/www.soloroan.com.mx\/wp-content\/uploads\/2023\/05\/anaquel-150x150.jpg 150w, https:\/\/www.soloroan.com.mx\/wp-content\/uploads\/2023\/05\/anaquel.jpg 477w\" sizes=\"(max-width: 135px) 100vw, 135px\" \/><\/strong><br \/>Ofrecemos el almacenamiento de todo tipo de productos. Contamos con varias bodegas a nivel nacional con sistema integrado de c\u00f3digo de barras y andamios<\/p><\/div>\n\t\t\t\t<\/div>\n\t\t\t\t\t\t\t\t<\/div>\n\t\t\t\t<\/div>\n\t\t\t\t<\/div>\n\t\t\t\t<\/div>\n\t\t\t\t<div class=\"elementor-element elementor-element-97a2ea2 elementor-widget elementor-widget-text-editor\" data-id=\"97a2ea2\" data-element_type=\"widget\" data-widget_type=\"text-editor.default\">\n\t\t\t\t<div class=\"elementor-widget-container\">\n\t\t\t\t\t\t\t<div><span class=\"ws8\">\u00a0<\/span><\/div><ul><li><span class=\"ws8\"><b>Comercio Exterior (Importacion\/Exportacion) \/<\/b><\/span><span class=\"ws8\">\u00a0Foreign Trade (Import \/ Export)<\/span><\/li><li><span class=\"ws8\"><b>Almacenamiento \/<\/b><\/span><span class=\"ws8\">\u00a0storage<\/span><\/li><li><span class=\"ws8\"><b>Log\u00edstica en transportaci\u00f3n \/<\/b><\/span><span class=\"ws8\">\u00a0Logistics in transportation<\/span><\/li><li><span class=\"ws8\"><b>Servicios de Valor Agregado\u00a0<\/b><\/span><span class=\"ws8\">\/ Value Added Services<\/span><\/li><li><span class=\"ws8\"><b>Distribuci\u00f3n y Transporte<\/b><\/span><span class=\"ws8\">\u00a0\/ Distribution and Transportation<\/span><\/li><li><span class=\"ws8\"><b>Dep\u00f3sito Fiscal \/<\/b><\/span><span class=\"ws8\">\u00a0Bonded Warehouse<\/span><\/li><li><span class=\"ws8\"><b>Gesti\u00f3n de Log\u00edstica Integral\u00a0<\/b><\/span><span class=\"ws8\">\/ Integral Logistics Management<\/span><\/li><li><span class=\"ws8\"><b>Gesti\u00f3n de Inventarios y Seguro de Mercanc\u00edas \/<\/b><\/span><span class=\"ws8\">\u00a0Inventory Management and Insurance of Goods<\/span><\/li><li><span class=\"ws8\"><b>Recibos Personalizados\u00a0<\/b><\/span><span class=\"ws8\">\/ Custom Receipts<\/span><\/li><li><span class=\"ws8\"><b>Preparaci\u00f3n de pedidos\u00a0<\/b><\/span><span class=\"ws8\">\/ Picking<\/span><\/li><li><span class=\"ws8\"><b>Pick and Pack<\/b><\/span><span class=\"ws8\">\/ Pick and Pack<\/span><\/li><li><span class=\"ws8\"><b>Manipulaciones Especiales\u00a0<\/b><\/span><span class=\"ws8\">\/ Special Manipulations<\/span><\/li><li><span class=\"ws8\"><b>Gesti\u00f3n de devoluciones\u00a0<\/b><\/span><span class=\"ws8\">\/ Returns Management<\/span><\/li><li><span class=\"ws8\"><b>Distribuci\u00f3n<\/b><\/span><span class=\"ws8\">\u00a0\/ distribution<\/span><\/li><li><span class=\"ws8\"><b>Proyectos Especiales<\/b><\/span><span class=\"ws8\">\u00a0\/ Special Projects<\/span><\/li><li><span class=\"ws8\"><b>Campa\u00f1as \u2013 Log\u00edstica Inversa\u00a0<\/b><\/span><span class=\"ws8\">\/ Campaigns &#8211; Reverse Logistics<\/span><\/li><li><span class=\"ws8\"><b>Devoluciones\u00a0<\/b><\/span><span class=\"ws8\">\/ Returns<\/span><\/li><li><span class=\"ws8\"><b>Seguro\u00a0<\/b><\/span><span class=\"ws8\">\/ insurance<\/span><\/li><\/ul>\t\t\t\t\t\t<\/div>\n\t\t\t\t<\/div>\n\t\t\t\t<\/div>\n\t\t<div class=\"elementor-element elementor-element-7189f02a e-flex e-con-boxed e-con e-parent\" data-id=\"7189f02a\" data-element_type=\"container\">\n\t\t\t\t\t<div class=\"e-con-inner\">\n\t\t<div class=\"elementor-element elementor-element-70e7a9a e-flex e-con-boxed e-con e-child\" data-id=\"70e7a9a\" data-element_type=\"container\" data-settings=\"{&quot;background_background&quot;:&quot;classic&quot;}\">\n\t\t\t\t\t<div class=\"e-con-inner\">\n\t\t<div class=\"elementor-element elementor-element-735b6876 e-con-full e-flex e-con e-child\" data-id=\"735b6876\" data-element_type=\"container\">\n\t\t\t\t<div class=\"elementor-element elementor-element-21db9e10 elementor-widget elementor-widget-heading\" data-id=\"21db9e10\" data-element_type=\"widget\" data-widget_type=\"heading.default\">\n\t\t\t\t<div class=\"elementor-widget-container\">\n\t\t\t<h2 class=\"elementor-heading-title elementor-size-default\">Precios justos<\/h2>\t\t<\/div>\n\t\t\t\t<\/div>\n\t\t\t\t<div class=\"elementor-element elementor-element-6ba44b35 elementor-widget elementor-widget-text-editor\" data-id=\"6ba44b35\" data-element_type=\"widget\" data-widget_type=\"text-editor.default\">\n\t\t\t\t<div class=\"elementor-widget-container\">\n\t\t\t\t\t\t\t<p>Estamos Dia a Dia Comprometidos con su Empresa por eso mismo tenemos una politica de precios justos permanentemente contactenos con Gusto le atenderemos.<\/p>\t\t\t\t\t\t<\/div>\n\t\t\t\t<\/div>\n\t\t\t\t<div class=\"elementor-element elementor-element-56140b72 elementor-widget elementor-widget-button\" data-id=\"56140b72\" data-element_type=\"widget\" data-widget_type=\"button.default\">\n\t\t\t\t<div class=\"elementor-widget-container\">\n\t\t\t\t\t<div class=\"elementor-button-wrapper\">\n\t\t\t<a class=\"elementor-button elementor-button-link elementor-size-md\" href=\"#contacto\">\n\t\t\t\t\t\t<span class=\"elementor-button-content-wrapper\">\n\t\t\t\t\t\t\t\t\t<span class=\"elementor-button-text\">solicitud de Servicios<\/span>\n\t\t\t\t\t<\/span>\n\t\t\t\t\t<\/a>\n\t\t<\/div>\n\t\t\t\t<\/div>\n\t\t\t\t<\/div>\n\t\t\t\t<\/div>\n\t\t\t\t<div class=\"elementor-element elementor-element-5d83e65 elementor-widget__width-initial elementor-widget elementor-widget-image\" data-id=\"5d83e65\" data-element_type=\"widget\" data-widget_type=\"image.default\">\n\t\t\t\t<div class=\"elementor-widget-container\">\n\t\t\t\t\t\t\t\t\t\t\t\t\t<img loading=\"lazy\" decoding=\"async\" width=\"800\" height=\"800\" src=\"https:\/\/www.soloroan.com.mx\/wp-content\/uploads\/2021\/06\/person-cta@2x.png\" class=\"attachment-large size-large wp-image-229\" alt=\"\" srcset=\"https:\/\/www.soloroan.com.mx\/wp-content\/uploads\/2021\/06\/person-cta@2x.png 800w, https:\/\/www.soloroan.com.mx\/wp-content\/uploads\/2021\/06\/person-cta@2x-300x300.png 300w, https:\/\/www.soloroan.com.mx\/wp-content\/uploads\/2021\/06\/person-cta@2x-150x150.png 150w, https:\/\/www.soloroan.com.mx\/wp-content\/uploads\/2021\/06\/person-cta@2x-768x768.png 768w\" sizes=\"(max-width: 800px) 100vw, 800px\" \/>\t\t\t\t\t\t\t\t\t\t\t\t\t<\/div>\n\t\t\t\t<\/div>\n\t\t\t\t\t<\/div>\n\t\t\t\t<\/div>\n\t\t\t\t\t<\/div>\n\t\t\t\t<\/div>\n\t\t\t\t<\/div>\n\t\t","protected":false},"excerpt":{"rendered":"<p>Servicios Somos una empresa enfocada a brindar servicios de logistica en transporte y servicios de comercio exterior tanto de importacion como de exportacion, nuestro compromiso es brindarle un servicio de excelencia siempre y en tiempo. Despacho Aduanal Gestion Aduanera y de asuntos legales\u00a0 \u00a0Servicios Aduanales\u00a0Contamos con tramites en casi todas las aduanas gubernamentales.Asesoramos sobre reg\u00edmenes [&hellip;]<\/p>\n","protected":false},"author":1,"featured_media":0,"parent":0,"menu_order":0,"comment_status":"closed","ping_status":"closed","template":"","meta":{"footnotes":""},"class_list":["post-1354","page","type-page","status-publish","hentry"],"blocksy_meta":{"styles_descriptor":{"styles":{"desktop":"","tablet":"","mobile":""},"google_fonts":[],"version":6}},"_links":{"self":[{"href":"https:\/\/www.soloroan.com.mx\/index.php?rest_route=\/wp\/v2\/pages\/1354","targetHints":{"allow":["GET"]}}],"collection":[{"href":"https:\/\/www.soloroan.com.mx\/index.php?rest_route=\/wp\/v2\/pages"}],"about":[{"href":"https:\/\/www.soloroan.com.mx\/index.php?rest_route=\/wp\/v2\/types\/page"}],"author":[{"embeddable":true,"href":"https:\/\/www.soloroan.com.mx\/index.php?rest_route=\/wp\/v2\/users\/1"}],"replies":[{"embeddable":true,"href":"https:\/\/www.soloroan.com.mx\/index.php?rest_route=%2Fwp%2Fv2%2Fcomments&post=1354"}],"version-history":[{"count":55,"href":"https:\/\/www.soloroan.com.mx\/index.php?rest_route=\/wp\/v2\/pages\/1354\/revisions"}],"predecessor-version":[{"id":1841,"href":"https:\/\/www.soloroan.com.mx\/index.php?rest_route=\/wp\/v2\/pages\/1354\/revisions\/1841"}],"wp:attachment":[{"href":"https:\/\/www.soloroan.com.mx\/index.php?rest_route=%2Fwp%2Fv2%2Fmedia&parent=1354"}],"curies":[{"name":"wp","href":"https:\/\/api.w.org\/{rel}","templated":true}]}}