{"id":835,"date":"2022-06-09T17:18:39","date_gmt":"2022-06-09T23:18:39","guid":{"rendered":"https:\/\/demo.creativethemes.com\/elementor\/persona\/?page_id=835"},"modified":"2023-06-05T02:26:22","modified_gmt":"2023-06-05T08:26:22","slug":"nosotros","status":"publish","type":"page","link":"https:\/\/www.soloroan.com.mx\/?page_id=835","title":{"rendered":"NOSOTROS"},"content":{"rendered":"\t\t<div data-elementor-type=\"wp-page\" data-elementor-id=\"835\" class=\"elementor elementor-835\" data-elementor-post-type=\"page\">\n\t\t\t\t<div class=\"elementor-element elementor-element-f32d86d e-flex e-con-boxed e-con e-parent\" data-id=\"f32d86d\" data-element_type=\"container\">\n\t\t\t\t\t<div class=\"e-con-inner\">\n\t\t\t\t<div class=\"elementor-element elementor-element-a3cc2d0 elementor-widget__width-initial elementor-widget elementor-widget-image\" data-id=\"a3cc2d0\" data-element_type=\"widget\" data-widget_type=\"image.default\">\n\t\t\t\t<div class=\"elementor-widget-container\">\n\t\t\t\t\t\t\t\t\t\t\t\t\t<img fetchpriority=\"high\" decoding=\"async\" width=\"2560\" height=\"1362\" src=\"https:\/\/www.soloroan.com.mx\/wp-content\/uploads\/2023\/05\/ff902d56-89d2-42f3-a4b5-1b2bea2d0dfe-scaled.jpg\" class=\"attachment-full size-full wp-image-1711\" alt=\"\" srcset=\"https:\/\/www.soloroan.com.mx\/wp-content\/uploads\/2023\/05\/ff902d56-89d2-42f3-a4b5-1b2bea2d0dfe-scaled.jpg 2560w, https:\/\/www.soloroan.com.mx\/wp-content\/uploads\/2023\/05\/ff902d56-89d2-42f3-a4b5-1b2bea2d0dfe-300x160.jpg 300w, https:\/\/www.soloroan.com.mx\/wp-content\/uploads\/2023\/05\/ff902d56-89d2-42f3-a4b5-1b2bea2d0dfe-1024x545.jpg 1024w, https:\/\/www.soloroan.com.mx\/wp-content\/uploads\/2023\/05\/ff902d56-89d2-42f3-a4b5-1b2bea2d0dfe-768x409.jpg 768w, https:\/\/www.soloroan.com.mx\/wp-content\/uploads\/2023\/05\/ff902d56-89d2-42f3-a4b5-1b2bea2d0dfe-1536x817.jpg 1536w, https:\/\/www.soloroan.com.mx\/wp-content\/uploads\/2023\/05\/ff902d56-89d2-42f3-a4b5-1b2bea2d0dfe-2048x1090.jpg 2048w\" sizes=\"(max-width: 2560px) 100vw, 2560px\" \/>\t\t\t\t\t\t\t\t\t\t\t\t\t<\/div>\n\t\t\t\t<\/div>\n\t\t<div class=\"elementor-element elementor-element-f190a5a e-con-full e-flex e-con e-child\" data-id=\"f190a5a\" data-element_type=\"container\">\n\t\t\t\t<div class=\"elementor-element elementor-element-7044c7c elementor-widget elementor-widget-text-editor\" data-id=\"7044c7c\" data-element_type=\"widget\" data-widget_type=\"text-editor.default\">\n\t\t\t\t<div class=\"elementor-widget-container\">\n\t\t\t\t\t\t\t<p><span style=\"color: #ffff99;\">Nuestra identidad<\/span><\/p>\t\t\t\t\t\t<\/div>\n\t\t\t\t<\/div>\n\t\t\t\t<div class=\"elementor-element elementor-element-fea6de6 elementor-widget elementor-widget-heading\" data-id=\"fea6de6\" data-element_type=\"widget\" data-widget_type=\"heading.default\">\n\t\t\t\t<div class=\"elementor-widget-container\">\n\t\t\t<h4 class=\"elementor-heading-title elementor-size-default\">Somos una empresa enfocada a brindar servicios de logistica en transporte y servicios de comercio exterior tanto de importacion como de exportacion, nuestro compromiso es brindarle un servicio de excelencia siempre y en tiempo.<\/h4>\t\t<\/div>\n\t\t\t\t<\/div>\n\t\t<div class=\"elementor-element elementor-element-23587c7 e-flex e-con-boxed e-con e-child\" data-id=\"23587c7\" data-element_type=\"container\">\n\t\t\t\t\t<div class=\"e-con-inner\">\n\t\t<div class=\"elementor-element elementor-element-68998b1 e-con-full e-flex e-con e-child\" data-id=\"68998b1\" data-element_type=\"container\">\n\t\t\t\t<div class=\"elementor-element elementor-element-506d811 elementor-widget elementor-widget-heading\" data-id=\"506d811\" data-element_type=\"widget\" data-widget_type=\"heading.default\">\n\t\t\t\t<div class=\"elementor-widget-container\">\n\t\t\t<h3 class=\"elementor-heading-title elementor-size-default\">#1<\/h3>\t\t<\/div>\n\t\t\t\t<\/div>\n\t\t\t\t<\/div>\n\t\t<div class=\"elementor-element elementor-element-6918e32 e-con-full e-flex e-con e-child\" data-id=\"6918e32\" data-element_type=\"container\">\n\t\t\t\t<div class=\"elementor-element elementor-element-f438bcc elementor-widget elementor-widget-heading\" data-id=\"f438bcc\" data-element_type=\"widget\" data-widget_type=\"heading.default\">\n\t\t\t\t<div class=\"elementor-widget-container\">\n\t\t\t<h5 class=\"elementor-heading-title elementor-size-default\">Misi\u00f3n<\/h5>\t\t<\/div>\n\t\t\t\t<\/div>\n\t\t\t\t<div class=\"elementor-element elementor-element-5e5fad7 elementor-widget elementor-widget-text-editor\" data-id=\"5e5fad7\" data-element_type=\"widget\" data-widget_type=\"text-editor.default\">\n\t\t\t\t<div class=\"elementor-widget-container\">\n\t\t\t\t\t\t\t<p>Nuestra misi\u00f3n es ser conocidos y reconocidos por nuestro liderazgo a trav\u00e9s de nuestra pasi\u00f3n por los altos est\u00e1ndares, nuestro respeto por la diversidad y nuestro compromiso para crear oportunidades excepcionales para el crecimiento personal, para que nuestros asociados puedan alcanzar su m\u00e1s alto potencial tanto en su carrera como en lo personal.<\/p>\t\t\t\t\t\t<\/div>\n\t\t\t\t<\/div>\n\t\t\t\t<\/div>\n\t\t\t\t\t<\/div>\n\t\t\t\t<\/div>\n\t\t<div class=\"elementor-element elementor-element-bb98233 e-flex e-con-boxed e-con e-child\" data-id=\"bb98233\" data-element_type=\"container\">\n\t\t\t\t\t<div class=\"e-con-inner\">\n\t\t<div class=\"elementor-element elementor-element-dd782db e-con-full e-flex e-con e-child\" data-id=\"dd782db\" data-element_type=\"container\">\n\t\t\t\t<div class=\"elementor-element elementor-element-bdcb5fa elementor-widget__width-initial elementor-widget elementor-widget-heading\" data-id=\"bdcb5fa\" data-element_type=\"widget\" data-widget_type=\"heading.default\">\n\t\t\t\t<div class=\"elementor-widget-container\">\n\t\t\t<h3 class=\"elementor-heading-title elementor-size-default\">#2<\/h3>\t\t<\/div>\n\t\t\t\t<\/div>\n\t\t\t\t<\/div>\n\t\t<div class=\"elementor-element elementor-element-fa292e1 e-con-full e-flex e-con e-child\" data-id=\"fa292e1\" data-element_type=\"container\">\n\t\t\t\t<div class=\"elementor-element elementor-element-6c19aa6 elementor-widget elementor-widget-heading\" data-id=\"6c19aa6\" data-element_type=\"widget\" data-widget_type=\"heading.default\">\n\t\t\t\t<div class=\"elementor-widget-container\">\n\t\t\t<h5 class=\"elementor-heading-title elementor-size-default\">Visi\u00f3n<\/h5>\t\t<\/div>\n\t\t\t\t<\/div>\n\t\t\t\t<div class=\"elementor-element elementor-element-84a7751 elementor-widget elementor-widget-text-editor\" data-id=\"84a7751\" data-element_type=\"widget\" data-widget_type=\"text-editor.default\">\n\t\t\t\t<div class=\"elementor-widget-container\">\n\t\t\t\t\t\t\t<p><span style=\"color: #ffffff;\">Nos vemos con servicios desarrollados acordes a las necesidades de los clientes, convirti\u00e9ndonos en una importante opci\u00f3n en el mercado por calidad, agilidad,\u00a0 innovaci\u00f3n y por flexibilidad del sistema.<\/span><\/p>\t\t\t\t\t\t<\/div>\n\t\t\t\t<\/div>\n\t\t\t\t<\/div>\n\t\t\t\t\t<\/div>\n\t\t\t\t<\/div>\n\t\t<div class=\"elementor-element elementor-element-def32c4 e-flex e-con-boxed e-con e-child\" data-id=\"def32c4\" data-element_type=\"container\">\n\t\t\t\t\t<div class=\"e-con-inner\">\n\t\t<div class=\"elementor-element elementor-element-2d468a8 e-con-full e-flex e-con e-child\" data-id=\"2d468a8\" data-element_type=\"container\">\n\t\t\t\t<div class=\"elementor-element elementor-element-6e7e5be elementor-widget elementor-widget-heading\" data-id=\"6e7e5be\" data-element_type=\"widget\" data-widget_type=\"heading.default\">\n\t\t\t\t<div class=\"elementor-widget-container\">\n\t\t\t<h3 class=\"elementor-heading-title elementor-size-default\">#3<\/h3>\t\t<\/div>\n\t\t\t\t<\/div>\n\t\t\t\t<\/div>\n\t\t<div class=\"elementor-element elementor-element-0141be7 e-con-full e-flex e-con e-child\" data-id=\"0141be7\" data-element_type=\"container\">\n\t\t\t\t<div class=\"elementor-element elementor-element-9ddd808 elementor-widget elementor-widget-heading\" data-id=\"9ddd808\" data-element_type=\"widget\" data-widget_type=\"heading.default\">\n\t\t\t\t<div class=\"elementor-widget-container\">\n\t\t\t<h5 class=\"elementor-heading-title elementor-size-default\">Valores<\/h5>\t\t<\/div>\n\t\t\t\t<\/div>\n\t\t\t\t<div class=\"elementor-element elementor-element-58104de elementor-widget elementor-widget-text-editor\" data-id=\"58104de\" data-element_type=\"widget\" data-widget_type=\"text-editor.default\">\n\t\t\t\t<div class=\"elementor-widget-container\">\n\t\t\t\t\t\t\t<p>Nuestros valores son servir a la comunidad, a la sociedad y al beneficio de todos los miembros de la empresa. Apoyamos al mantenimiento de la cultura educaci\u00f3n y formaci\u00f3n de las personas, enfocando nuestra empresa a su logro y apoyo.<\/p>\t\t\t\t\t\t<\/div>\n\t\t\t\t<\/div>\n\t\t\t\t<\/div>\n\t\t\t\t\t<\/div>\n\t\t\t\t<\/div>\n\t\t\t\t<\/div>\n\t\t\t\t\t<\/div>\n\t\t\t\t<\/div>\n\t\t<div class=\"elementor-element elementor-element-3833c42 e-flex e-con-boxed e-con e-parent\" data-id=\"3833c42\" data-element_type=\"container\" data-settings=\"{&quot;background_background&quot;:&quot;classic&quot;}\">\n\t\t\t\t\t<div class=\"e-con-inner\">\n\t\t<div class=\"elementor-element elementor-element-fed2aad e-con-full e-flex e-con e-child\" data-id=\"fed2aad\" data-element_type=\"container\">\n\t\t\t\t<div class=\"elementor-element elementor-element-5b6e380 elementor-widget elementor-widget-text-editor\" data-id=\"5b6e380\" data-element_type=\"widget\" data-widget_type=\"text-editor.default\">\n\t\t\t\t<div class=\"elementor-widget-container\">\n\t\t\t\t\t\t\t<p><span style=\"color: #000000;\">PRESENTACION EMPRESARIAL<\/span><\/p>\t\t\t\t\t\t<\/div>\n\t\t\t\t<\/div>\n\t\t\t\t<div class=\"elementor-element elementor-element-88ced2b elementor-widget elementor-widget-heading\" data-id=\"88ced2b\" data-element_type=\"widget\" data-widget_type=\"heading.default\">\n\t\t\t\t<div class=\"elementor-widget-container\">\n\t\t\t<h2 class=\"elementor-heading-title elementor-size-default\">INFORMACI\u00d3N<\/h2>\t\t<\/div>\n\t\t\t\t<\/div>\n\t\t\t\t<\/div>\n\t\t<div class=\"elementor-element elementor-element-b793d75 e-con-full e-flex e-con e-child\" data-id=\"b793d75\" data-element_type=\"container\" data-settings=\"{&quot;background_background&quot;:&quot;classic&quot;}\">\n\t\t\t\t<div class=\"elementor-element elementor-element-dbae3f9 elementor-widget elementor-widget-heading\" data-id=\"dbae3f9\" data-element_type=\"widget\" data-widget_type=\"heading.default\">\n\t\t\t\t<div class=\"elementor-widget-container\">\n\t\t\t<h3 class=\"elementor-heading-title elementor-size-default\">Presentaci\u00f3n Empresarial<\/h3>\t\t<\/div>\n\t\t\t\t<\/div>\n\t\t<div class=\"elementor-element elementor-element-634e661 e-flex e-con-boxed e-con e-child\" data-id=\"634e661\" data-element_type=\"container\">\n\t\t\t\t\t<div class=\"e-con-inner\">\n\t\t<div class=\"elementor-element elementor-element-e1dd4f3 e-con-full e-flex e-con e-child\" data-id=\"e1dd4f3\" data-element_type=\"container\">\n\t\t\t\t<div class=\"elementor-element elementor-element-85a6d40 elementor-widget elementor-widget-image\" data-id=\"85a6d40\" data-element_type=\"widget\" data-widget_type=\"image.default\">\n\t\t\t\t<div class=\"elementor-widget-container\">\n\t\t\t\t\t\t\t\t\t\t\t\t\t\t<a href=\"https:\/\/www.soloroan.com.mx\/files\/presentacion_roan.pdf\">\n\t\t\t\t\t\t\t<img decoding=\"async\" width=\"108\" height=\"108\" src=\"https:\/\/www.soloroan.com.mx\/wp-content\/uploads\/2023\/06\/documentacion.png\" class=\"attachment-large size-large wp-image-1890\" alt=\"\" \/>\t\t\t\t\t\t\t\t<\/a>\n\t\t\t\t\t\t\t\t\t\t\t\t\t<\/div>\n\t\t\t\t<\/div>\n\t\t\t\t<\/div>\n\t\t<div class=\"elementor-element elementor-element-0751d89 e-con-full e-flex e-con e-child\" data-id=\"0751d89\" data-element_type=\"container\">\n\t\t\t\t<div class=\"elementor-element elementor-element-25bfe90 elementor-widget elementor-widget-button\" data-id=\"25bfe90\" data-element_type=\"widget\" data-widget_type=\"button.default\">\n\t\t\t\t<div class=\"elementor-widget-container\">\n\t\t\t\t\t<div class=\"elementor-button-wrapper\">\n\t\t\t<a class=\"elementor-button elementor-button-link elementor-size-sm\" href=\"https:\/\/www.soloroan.com.mx\/files\/presentacion_roan.pdf\">\n\t\t\t\t\t\t<span class=\"elementor-button-content-wrapper\">\n\t\t\t\t\t\t\t\t\t<span class=\"elementor-button-text\">DESCARGA<\/span>\n\t\t\t\t\t<\/span>\n\t\t\t\t\t<\/a>\n\t\t<\/div>\n\t\t\t\t<\/div>\n\t\t\t\t<\/div>\n\t\t\t\t<\/div>\n\t\t\t\t\t<\/div>\n\t\t\t\t<\/div>\n\t\t\t\t<\/div>\n\t\t\t\t\t<\/div>\n\t\t\t\t<\/div>\n\t\t<div class=\"elementor-element elementor-element-1e67f1fb e-flex e-con-boxed e-con e-parent\" data-id=\"1e67f1fb\" data-element_type=\"container\">\n\t\t\t\t\t<div class=\"e-con-inner\">\n\t\t<div class=\"elementor-element elementor-element-77d99a2 e-flex e-con-boxed e-con e-child\" data-id=\"77d99a2\" data-element_type=\"container\">\n\t\t\t\t\t<div class=\"e-con-inner\">\n\t\t<div class=\"elementor-element elementor-element-d976cca e-flex e-con-boxed e-con e-child\" data-id=\"d976cca\" data-element_type=\"container\" data-settings=\"{&quot;background_background&quot;:&quot;classic&quot;}\">\n\t\t\t\t\t<div class=\"e-con-inner\">\n\t\t<div class=\"elementor-element elementor-element-ee81f28 e-con-full e-flex e-con e-child\" data-id=\"ee81f28\" data-element_type=\"container\">\n\t\t\t\t<div class=\"elementor-element elementor-element-a3e9532 elementor-widget elementor-widget-heading\" data-id=\"a3e9532\" data-element_type=\"widget\" data-widget_type=\"heading.default\">\n\t\t\t\t<div class=\"elementor-widget-container\">\n\t\t\t<h2 class=\"elementor-heading-title elementor-size-default\">Precios justos<\/h2>\t\t<\/div>\n\t\t\t\t<\/div>\n\t\t\t\t<div class=\"elementor-element elementor-element-aa79e5c elementor-widget elementor-widget-text-editor\" data-id=\"aa79e5c\" data-element_type=\"widget\" data-widget_type=\"text-editor.default\">\n\t\t\t\t<div class=\"elementor-widget-container\">\n\t\t\t\t\t\t\t<p>Estamos Dia a Dia Comprometidos con su Empresa por eso mismo tenemos una politica de precios justos permanentemente contactenos con Gusto le atenderemos.<\/p>\t\t\t\t\t\t<\/div>\n\t\t\t\t<\/div>\n\t\t\t\t<div class=\"elementor-element elementor-element-d60fdbb elementor-widget elementor-widget-button\" data-id=\"d60fdbb\" data-element_type=\"widget\" data-widget_type=\"button.default\">\n\t\t\t\t<div class=\"elementor-widget-container\">\n\t\t\t\t\t<div class=\"elementor-button-wrapper\">\n\t\t\t<a class=\"elementor-button elementor-button-link elementor-size-md\" href=\"#contacto\">\n\t\t\t\t\t\t<span class=\"elementor-button-content-wrapper\">\n\t\t\t\t\t\t\t\t\t<span class=\"elementor-button-text\">solicitud de Servicios<\/span>\n\t\t\t\t\t<\/span>\n\t\t\t\t\t<\/a>\n\t\t<\/div>\n\t\t\t\t<\/div>\n\t\t\t\t<\/div>\n\t\t\t\t<\/div>\n\t\t\t\t<div class=\"elementor-element elementor-element-ab3f2fa elementor-widget__width-initial elementor-widget elementor-widget-image\" data-id=\"ab3f2fa\" data-element_type=\"widget\" data-widget_type=\"image.default\">\n\t\t\t\t<div class=\"elementor-widget-container\">\n\t\t\t\t\t\t\t\t\t\t\t\t\t<img decoding=\"async\" width=\"800\" height=\"800\" src=\"https:\/\/www.soloroan.com.mx\/wp-content\/uploads\/2021\/06\/person-cta@2x.png\" class=\"attachment-large size-large wp-image-229\" alt=\"\" srcset=\"https:\/\/www.soloroan.com.mx\/wp-content\/uploads\/2021\/06\/person-cta@2x.png 800w, https:\/\/www.soloroan.com.mx\/wp-content\/uploads\/2021\/06\/person-cta@2x-300x300.png 300w, https:\/\/www.soloroan.com.mx\/wp-content\/uploads\/2021\/06\/person-cta@2x-150x150.png 150w, https:\/\/www.soloroan.com.mx\/wp-content\/uploads\/2021\/06\/person-cta@2x-768x768.png 768w\" sizes=\"(max-width: 800px) 100vw, 800px\" \/>\t\t\t\t\t\t\t\t\t\t\t\t\t<\/div>\n\t\t\t\t<\/div>\n\t\t\t\t\t<\/div>\n\t\t\t\t<\/div>\n\t\t\t\t\t<\/div>\n\t\t\t\t<\/div>\n\t\t\t\t\t<\/div>\n\t\t\t\t<\/div>\n\t\t\t\t<\/div>\n\t\t","protected":false},"excerpt":{"rendered":"<p>La Empresa<\/p>\n","protected":false},"author":1,"featured_media":0,"parent":0,"menu_order":0,"comment_status":"closed","ping_status":"closed","template":"","meta":{"footnotes":""},"class_list":["post-835","page","type-page","status-publish","hentry"],"blocksy_meta":{"styles_descriptor":{"styles":{"desktop":"","tablet":"","mobile":""},"google_fonts":[],"version":6}},"_links":{"self":[{"href":"https:\/\/www.soloroan.com.mx\/index.php?rest_route=\/wp\/v2\/pages\/835","targetHints":{"allow":["GET"]}}],"collection":[{"href":"https:\/\/www.soloroan.com.mx\/index.php?rest_route=\/wp\/v2\/pages"}],"about":[{"href":"https:\/\/www.soloroan.com.mx\/index.php?rest_route=\/wp\/v2\/types\/page"}],"author":[{"embeddable":true,"href":"https:\/\/www.soloroan.com.mx\/index.php?rest_route=\/wp\/v2\/users\/1"}],"replies":[{"embeddable":true,"href":"https:\/\/www.soloroan.com.mx\/index.php?rest_route=%2Fwp%2Fv2%2Fcomments&post=835"}],"version-history":[{"count":19,"href":"https:\/\/www.soloroan.com.mx\/index.php?rest_route=\/wp\/v2\/pages\/835\/revisions"}],"predecessor-version":[{"id":1899,"href":"https:\/\/www.soloroan.com.mx\/index.php?rest_route=\/wp\/v2\/pages\/835\/revisions\/1899"}],"wp:attachment":[{"href":"https:\/\/www.soloroan.com.mx\/index.php?rest_route=%2Fwp%2Fv2%2Fmedia&parent=835"}],"curies":[{"name":"wp","href":"https:\/\/api.w.org\/{rel}","templated":true}]}}